{"id":104,"date":"2024-07-21T21:16:41","date_gmt":"2024-07-21T21:16:41","guid":{"rendered":"https:\/\/teremun.teresianobogota.edu.co\/?page_id=104"},"modified":"2025-08-04T19:49:47","modified_gmt":"2025-08-04T19:49:47","slug":"handbooks","status":"publish","type":"page","link":"https:\/\/teremun.teresianobogota.edu.co\/?page_id=104","title":{"rendered":"HANDBOOKS"},"content":{"rendered":"\t\t<div data-elementor-type=\"wp-page\" data-elementor-id=\"104\" class=\"elementor elementor-104\" data-elementor-post-type=\"page\">\n\t\t\t\t<div class=\"elementor-element elementor-element-0ac3c55 e-flex e-con-boxed e-con e-parent\" data-id=\"0ac3c55\" data-element_type=\"container\" data-e-type=\"container\">\n\t\t\t\t\t<div class=\"e-con-inner\">\n\t\t\t\t<div class=\"elementor-element elementor-element-b2123e6 elementor-invisible elementor-widget elementor-widget-heading\" data-id=\"b2123e6\" data-element_type=\"widget\" data-e-type=\"widget\" data-settings=\"{&quot;_animation&quot;:&quot;fadeInDown&quot;}\" data-widget_type=\"heading.default\">\n\t\t\t\t<div class=\"elementor-widget-container\">\n\t\t\t\t\t<h1 class=\"elementor-heading-title elementor-size-default\">Handbooks<\/h1>\t\t\t\t<\/div>\n\t\t\t\t<\/div>\n\t\t\t\t\t<\/div>\n\t\t\t\t<\/div>\n\t\t<div class=\"elementor-element elementor-element-0c2770a elementor-hidden-desktop e-flex e-con-boxed e-con e-parent\" data-id=\"0c2770a\" data-element_type=\"container\" data-e-type=\"container\">\n\t\t\t\t\t<div class=\"e-con-inner\">\n\t\t\t\t<div class=\"elementor-element elementor-element-62feaba elementor-hidden-desktop elementor-invisible elementor-widget elementor-widget-heading\" data-id=\"62feaba\" data-element_type=\"widget\" data-e-type=\"widget\" data-settings=\"{&quot;_animation&quot;:&quot;fadeInDown&quot;,&quot;_animation_mobile&quot;:&quot;fadeIn&quot;}\" data-widget_type=\"heading.default\">\n\t\t\t\t<div class=\"elementor-widget-container\">\n\t\t\t\t\t<h1 class=\"elementor-heading-title elementor-size-default\">Instrucciones: Dale click a la im\u00e1gen del handbook que necesites abajo y ser\u00e1s dirigido al archivo PDF.<\/h1>\t\t\t\t<\/div>\n\t\t\t\t<\/div>\n\t\t\t\t\t<\/div>\n\t\t\t\t<\/div>\n\t\t<div class=\"elementor-element elementor-element-fb84c50 e-grid e-con-boxed elementor-invisible e-con e-parent\" data-id=\"fb84c50\" data-element_type=\"container\" data-e-type=\"container\" data-settings=\"{&quot;background_background&quot;:&quot;classic&quot;,&quot;animation&quot;:&quot;fadeIn&quot;}\">\n\t\t\t\t\t<div class=\"e-con-inner\">\n\t\t\t\t<div class=\"elementor-element elementor-element-297debb elementor-widget elementor-widget-image\" data-id=\"297debb\" data-element_type=\"widget\" data-e-type=\"widget\" data-widget_type=\"image.default\">\n\t\t\t\t<div class=\"elementor-widget-container\">\n\t\t\t\t\t\t\t\t\t\t\t\t\t\t\t\t<a href=\"https:\/\/drive.google.com\/file\/d\/1T0bSi_888SvaAScfMJj3ZVexPYFZgd2X\/view?usp=drivesdk\">\n\t\t\t\t\t\t\t<img fetchpriority=\"high\" decoding=\"async\" width=\"208\" height=\"300\" src=\"https:\/\/teremun.teresianobogota.edu.co\/wp-content\/uploads\/2025\/08\/Screenshot_2025-08-04-14-37-36-268_com.google.android.apps_.docs-edit-208x300.jpg\" class=\"elementor-animation-rotate attachment-medium size-medium wp-image-1439\" alt=\"\" srcset=\"https:\/\/teremun.teresianobogota.edu.co\/wp-content\/uploads\/2025\/08\/Screenshot_2025-08-04-14-37-36-268_com.google.android.apps_.docs-edit-208x300.jpg 208w, https:\/\/teremun.teresianobogota.edu.co\/wp-content\/uploads\/2025\/08\/Screenshot_2025-08-04-14-37-36-268_com.google.android.apps_.docs-edit-712x1024.jpg 712w, https:\/\/teremun.teresianobogota.edu.co\/wp-content\/uploads\/2025\/08\/Screenshot_2025-08-04-14-37-36-268_com.google.android.apps_.docs-edit-768x1105.jpg 768w, https:\/\/teremun.teresianobogota.edu.co\/wp-content\/uploads\/2025\/08\/Screenshot_2025-08-04-14-37-36-268_com.google.android.apps_.docs-edit-1067x1536.jpg 1067w, https:\/\/teremun.teresianobogota.edu.co\/wp-content\/uploads\/2025\/08\/Screenshot_2025-08-04-14-37-36-268_com.google.android.apps_.docs-edit.jpg 1107w\" sizes=\"(max-width: 208px) 100vw, 208px\" \/>\t\t\t\t\t\t\t\t<\/a>\n\t\t\t\t\t\t\t\t\t\t\t\t\t\t\t<\/div>\n\t\t\t\t<\/div>\n\t\t\t\t<div class=\"elementor-element elementor-element-0fa5cde elementor-widget elementor-widget-image\" data-id=\"0fa5cde\" data-element_type=\"widget\" data-e-type=\"widget\" data-widget_type=\"image.default\">\n\t\t\t\t<div class=\"elementor-widget-container\">\n\t\t\t\t\t\t\t\t\t\t\t\t\t\t\t\t<a href=\"https:\/\/drive.google.com\/file\/d\/1msV7TJheBI1moQNHVpNjwNMHjq_pkdb4\/view?usp=drivesdk\">\n\t\t\t\t\t\t\t<img decoding=\"async\" width=\"210\" height=\"300\" src=\"https:\/\/teremun.teresianobogota.edu.co\/wp-content\/uploads\/2025\/08\/Screenshot_2025-08-04-14-38-40-738_com.canva_.editor-edit-210x300.jpg\" class=\"elementor-animation-rotate attachment-medium size-medium wp-image-1440\" alt=\"\" srcset=\"https:\/\/teremun.teresianobogota.edu.co\/wp-content\/uploads\/2025\/08\/Screenshot_2025-08-04-14-38-40-738_com.canva_.editor-edit-210x300.jpg 210w, https:\/\/teremun.teresianobogota.edu.co\/wp-content\/uploads\/2025\/08\/Screenshot_2025-08-04-14-38-40-738_com.canva_.editor-edit-718x1024.jpg 718w, https:\/\/teremun.teresianobogota.edu.co\/wp-content\/uploads\/2025\/08\/Screenshot_2025-08-04-14-38-40-738_com.canva_.editor-edit-768x1095.jpg 768w, https:\/\/teremun.teresianobogota.edu.co\/wp-content\/uploads\/2025\/08\/Screenshot_2025-08-04-14-38-40-738_com.canva_.editor-edit-1077x1536.jpg 1077w, https:\/\/teremun.teresianobogota.edu.co\/wp-content\/uploads\/2025\/08\/Screenshot_2025-08-04-14-38-40-738_com.canva_.editor-edit.jpg 1117w\" sizes=\"(max-width: 210px) 100vw, 210px\" \/>\t\t\t\t\t\t\t\t<\/a>\n\t\t\t\t\t\t\t\t\t\t\t\t\t\t\t<\/div>\n\t\t\t\t<\/div>\n\t\t<div class=\"elementor-element elementor-element-56469e9 e-con-full elementor-hidden-tablet elementor-hidden-mobile e-flex e-con e-child\" data-id=\"56469e9\" data-element_type=\"container\" data-e-type=\"container\">\n\t\t\t\t<div class=\"elementor-element elementor-element-ef5ca1b elementor-align-center elementor-hidden-tablet elementor-hidden-mobile elementor-widget elementor-widget-button\" data-id=\"ef5ca1b\" data-element_type=\"widget\" data-e-type=\"widget\" data-widget_type=\"button.default\">\n\t\t\t\t<div class=\"elementor-widget-container\">\n\t\t\t\t\t\t\t\t\t<div class=\"elementor-button-wrapper\">\n\t\t\t\t\t<a class=\"elementor-button elementor-button-link elementor-size-sm elementor-animation-grow\" href=\"https:\/\/drive.google.com\/file\/d\/1T0bSi_888SvaAScfMJj3ZVexPYFZgd2X\/view?usp=drivesdk\" target=\"_blank\">\n\t\t\t\t\t\t<span class=\"elementor-button-content-wrapper\">\n\t\t\t\t\t\t\t\t\t<span class=\"elementor-button-text\">HANDBOOK ESPA\u00d1OL<\/span>\n\t\t\t\t\t<\/span>\n\t\t\t\t\t<\/a>\n\t\t\t\t<\/div>\n\t\t\t\t\t\t\t\t<\/div>\n\t\t\t\t<\/div>\n\t\t\t\t<\/div>\n\t\t<div class=\"elementor-element elementor-element-daa1f3d e-con-full elementor-hidden-tablet elementor-hidden-mobile e-flex e-con e-child\" data-id=\"daa1f3d\" data-element_type=\"container\" data-e-type=\"container\">\n\t\t\t\t<div class=\"elementor-element elementor-element-97ef260 elementor-align-center elementor-hidden-tablet elementor-hidden-mobile elementor-widget elementor-widget-button\" data-id=\"97ef260\" data-element_type=\"widget\" data-e-type=\"widget\" data-widget_type=\"button.default\">\n\t\t\t\t<div class=\"elementor-widget-container\">\n\t\t\t\t\t\t\t\t\t<div class=\"elementor-button-wrapper\">\n\t\t\t\t\t<a class=\"elementor-button elementor-button-link elementor-size-sm elementor-animation-grow\" href=\"https:\/\/drive.google.com\/file\/d\/1msV7TJheBI1moQNHVpNjwNMHjq_pkdb4\/view?usp=drivesdk\" target=\"_blank\">\n\t\t\t\t\t\t<span class=\"elementor-button-content-wrapper\">\n\t\t\t\t\t\t\t\t\t<span class=\"elementor-button-text\">ENGLISH HANDBOOK<\/span>\n\t\t\t\t\t<\/span>\n\t\t\t\t\t<\/a>\n\t\t\t\t<\/div>\n\t\t\t\t\t\t\t\t<\/div>\n\t\t\t\t<\/div>\n\t\t\t\t<\/div>\n\t\t\t\t\t<\/div>\n\t\t\t\t<\/div>\n\t\t\t\t<\/div>\n\t\t","protected":false},"excerpt":{"rendered":"<p>Handbooks Instrucciones: Dale click a la im\u00e1gen del handbook que necesites abajo y ser\u00e1s dirigido al archivo PDF. HANDBOOK ESPA\u00d1OL ENGLISH HANDBOOK<\/p>\n","protected":false},"author":4,"featured_media":0,"parent":0,"menu_order":0,"comment_status":"closed","ping_status":"closed","template":"","meta":{"footnotes":""},"class_list":["post-104","page","type-page","status-publish","hentry"],"_links":{"self":[{"href":"https:\/\/teremun.teresianobogota.edu.co\/index.php?rest_route=\/wp\/v2\/pages\/104","targetHints":{"allow":["GET"]}}],"collection":[{"href":"https:\/\/teremun.teresianobogota.edu.co\/index.php?rest_route=\/wp\/v2\/pages"}],"about":[{"href":"https:\/\/teremun.teresianobogota.edu.co\/index.php?rest_route=\/wp\/v2\/types\/page"}],"author":[{"embeddable":true,"href":"https:\/\/teremun.teresianobogota.edu.co\/index.php?rest_route=\/wp\/v2\/users\/4"}],"replies":[{"embeddable":true,"href":"https:\/\/teremun.teresianobogota.edu.co\/index.php?rest_route=%2Fwp%2Fv2%2Fcomments&post=104"}],"version-history":[{"count":175,"href":"https:\/\/teremun.teresianobogota.edu.co\/index.php?rest_route=\/wp\/v2\/pages\/104\/revisions"}],"predecessor-version":[{"id":1456,"href":"https:\/\/teremun.teresianobogota.edu.co\/index.php?rest_route=\/wp\/v2\/pages\/104\/revisions\/1456"}],"wp:attachment":[{"href":"https:\/\/teremun.teresianobogota.edu.co\/index.php?rest_route=%2Fwp%2Fv2%2Fmedia&parent=104"}],"curies":[{"name":"wp","href":"https:\/\/api.w.org\/{rel}","templated":true}]}}